{"id":2,"date":"2024-08-02T08:29:37","date_gmt":"2024-08-02T08:29:37","guid":{"rendered":"https:\/\/blissful-jennings.93-174-189-51.plesk.page\/?page_id=2"},"modified":"2024-09-01T17:26:51","modified_gmt":"2024-09-01T17:26:51","slug":"sample-page","status":"publish","type":"page","link":"https:\/\/blissful-jennings.93-174-189-51.plesk.page\/index.php\/sample-page\/","title":{"rendered":"\u00dcber mich"},"content":{"rendered":"\n<p>Jris Thoma-Miccich\u00e9-Kiser, gelernte Portefeuillerin (Taschenmacherin)<\/p>\n\n\n\n<figure class=\"wp-block-table\"><table class=\"has-fixed-layout\"><tbody><tr><td class=\"has-text-align-center\" data-align=\"center\"><sup><img loading=\"lazy\" decoding=\"async\" width=\"260\" height=\"360\" class=\"wp-image-15\" style=\"width: 260px;\" src=\"https:\/\/blissful-jennings.93-174-189-51.plesk.page\/wp-content\/uploads\/2024\/09\/jris_micciche_kiser.gif\" alt=\"\"><\/sup><\/td><td><br>Seit 2006<br><strong>Gesamtes Reparaturwesen von ROSSIS Design Ltd.<br>Reparaturen f\u00fcr Navyboot Sagola AG, BREE, Furla ZH, Max Mara ZH, Jelmoli ZH, Emporio Armani ZH, Leder Asper ZH, ADAX, JOOP!, Trois Pommes ZH u.a.<\/strong> Herstellung von eigener taschenART-Kollektion<br><br>&nbsp;Seit 2003<br>Selbstst\u00e4ndige Feint\u00e4schner-T\u00e4tigkeit und Kursdurchf\u00fchrungen<br>&nbsp;<br>2005 &#8211; 2007<br>Stellvertretende Gesch\u00e4ftsf\u00fchrerin des ROSSI Stores, Torgasse, Z\u00fcrich<br>&nbsp;<br>2003 &#8211; 2006<br>Feint\u00e4schnerin \/ Mustermacherin bei ROSSI Design Ltd., Z\u00fcrich<br>&nbsp;<br>2002 &#8211; 2003<br>Feint\u00e4schnerin (Werkstattleiterin) bei Odermatt Lederwaren AG, 6300 Zug<br>&nbsp;<br>2000 &#8211; 2002<br>Feint\u00e4schnerin bei Winfried Kralle GmbH &amp; Co KG, 63179 Obertshausen (Deutschland)<br>&nbsp;<br>Anfertigung von hochwertigen Handtaschen, Portemonnaies und G\u00fcrtel aus Reptilleder<br>&nbsp;<br>1996 &#8211; 1999<br>Ausbildung als Portefeuillerin bei Odermatt Lederwaren AG, 6300 Zug<br>&nbsp;<br>1996<br>Diplom der Diplommittelschule Zug<\/td><\/tr><\/tbody><\/table><\/figure>\n\n\n\n<blockquote class=\"wp-block-quote is-layout-flow wp-block-quote-is-layout-flow\">\n<p>Hallo, hier ein pers\u00f6nlichter Text von Iris \ud83d\ude42<\/p>\n<\/blockquote>\n\n\n\n<p><\/p>\n\n\n\n<blockquote class=\"wp-block-quote is-layout-flow wp-block-quote-is-layout-flow\">\n<p>The XYZ Doohickey Company was founded in 1971, and has been providing quality doohickeys to the public ever since. Located in Gotham City, XYZ employs over 2,000 people and does all kinds of awesome things for the Gotham community.<\/p>\n<\/blockquote>\n\n\n\n<p>As a new WordPress user, you should go to <a href=\"https:\/\/blissful-jennings.93-174-189-51.plesk.page\/wp-admin\/\">your dashboard<\/a> to delete this page and create new pages for your content. Have fun!<\/p>\n","protected":false},"excerpt":{"rendered":"<p>Jris Thoma-Miccich\u00e9-Kiser, gelernte Portefeuillerin (Taschenmacherin) Seit 2006Gesamtes Reparaturwesen von ROSSIS Design Ltd.Reparaturen f\u00fcr Navyboot Sagola AG, BREE, Furla ZH, Max Mara ZH, Jelmoli ZH, Emporio Armani ZH, Leder Asper ZH, ADAX, JOOP!, Trois Pommes ZH u.a. Herstellung von eigener taschenART-Kollektion &nbsp;Seit 2003Selbstst\u00e4ndige Feint\u00e4schner-T\u00e4tigkeit und Kursdurchf\u00fchrungen&nbsp;2005 &#8211; 2007Stellvertretende Gesch\u00e4ftsf\u00fchrerin des ROSSI Stores, Torgasse, Z\u00fcrich&nbsp;2003 &#8211; 2006Feint\u00e4schnerin [&hellip;]<\/p>\n","protected":false},"author":1,"featured_media":0,"parent":0,"menu_order":0,"comment_status":"closed","ping_status":"open","template":"","meta":{"footnotes":""},"class_list":["post-2","page","type-page","status-publish","hentry"],"_links":{"self":[{"href":"https:\/\/blissful-jennings.93-174-189-51.plesk.page\/index.php\/wp-json\/wp\/v2\/pages\/2","targetHints":{"allow":["GET"]}}],"collection":[{"href":"https:\/\/blissful-jennings.93-174-189-51.plesk.page\/index.php\/wp-json\/wp\/v2\/pages"}],"about":[{"href":"https:\/\/blissful-jennings.93-174-189-51.plesk.page\/index.php\/wp-json\/wp\/v2\/types\/page"}],"author":[{"embeddable":true,"href":"https:\/\/blissful-jennings.93-174-189-51.plesk.page\/index.php\/wp-json\/wp\/v2\/users\/1"}],"replies":[{"embeddable":true,"href":"https:\/\/blissful-jennings.93-174-189-51.plesk.page\/index.php\/wp-json\/wp\/v2\/comments?post=2"}],"version-history":[{"count":3,"href":"https:\/\/blissful-jennings.93-174-189-51.plesk.page\/index.php\/wp-json\/wp\/v2\/pages\/2\/revisions"}],"predecessor-version":[{"id":18,"href":"https:\/\/blissful-jennings.93-174-189-51.plesk.page\/index.php\/wp-json\/wp\/v2\/pages\/2\/revisions\/18"}],"wp:attachment":[{"href":"https:\/\/blissful-jennings.93-174-189-51.plesk.page\/index.php\/wp-json\/wp\/v2\/media?parent=2"}],"curies":[{"name":"wp","href":"https:\/\/api.w.org\/{rel}","templated":true}]}}